{"id":1622,"date":"2023-01-03T14:52:09","date_gmt":"2023-01-03T14:52:09","guid":{"rendered":"http:\/\/iseda-project.eu\/equip\/"},"modified":"2023-02-14T16:55:32","modified_gmt":"2023-02-14T16:55:32","slug":"equip","status":"publish","type":"page","link":"http:\/\/iseda-project.eu\/ca\/equip\/","title":{"rendered":"Equip"},"content":{"rendered":"<p>[et_pb_section fb_built=&#8221;1&#8243; _builder_version=&#8221;4.19.2&#8243; _module_preset=&#8221;default&#8221; custom_padding=&#8221;0px||||false|false&#8221; global_colors_info=&#8221;{}&#8221;][et_pb_row custom_padding_last_edited=&#8221;on|phone&#8221; _builder_version=&#8221;4.19.2&#8243; _module_preset=&#8221;default&#8221; max_width=&#8221;80%&#8221; custom_padding=&#8221;||||false|false&#8221; custom_padding_tablet=&#8221;&#8221; custom_padding_phone=&#8221;0px||||false|false&#8221; hover_enabled=&#8221;0&#8243; global_colors_info=&#8221;{}&#8221; sticky_enabled=&#8221;0&#8243;][et_pb_column type=&#8221;4_4&#8243; _builder_version=&#8221;4.19.2&#8243; _module_preset=&#8221;default&#8221; pac_dcm_carousel_specific_module_num=&#8221;0&#8243; global_colors_info=&#8221;{}&#8221;][et_pb_text _builder_version=&#8221;4.19.2&#8243; _module_preset=&#8221;default&#8221; custom_margin=&#8221;||12px|||&#8221; custom_padding=&#8221;13px|||||&#8221; global_colors_info=&#8221;{}&#8221;]<\/p>\n<h2>El teu contingut va aqu\u00ed. Edita o elimina aix\u00f2<\/h2>\n<h2><quillbot-extension-portal><\/quillbot-extension-portal><\/h2>\n<p>[\/et_pb_text][et_pb_text _builder_version=&#8221;4.19.2&#8243; _module_preset=&#8221;default&#8221; global_colors_info=&#8221;{}&#8221;]<\/p>\n<p>El teu contingut va aqu\u00ed. Editeu o elimineu aquest text en l\u00ednia o al m\u00f2dul Configuraci\u00f3 de contingut. Tamb\u00e9 podeu estilitzar tots els aspectes d&#8217;aquest contingut al m\u00f2dul Configuraci\u00f3 de disseny i fins i tot aplicar CSS personalitzat a aquest text al m\u00f2dul Configuraci\u00f3 avan\u00e7ada.<\/p>\n<p>[\/et_pb_text][\/et_pb_column][\/et_pb_row][et_pb_row column_structure=&#8221;1_3,1_3,1_3&#8243; use_custom_gutter=&#8221;on&#8221; gutter_width=&#8221;2&#8243; make_equal=&#8221;on&#8221; custom_padding_last_edited=&#8221;on|phone&#8221; _builder_version=&#8221;4.19.2&#8243; _module_preset=&#8221;default&#8221; background_color=&#8221;#FFFFFF&#8221; max_width=&#8221;80%&#8221; custom_padding=&#8221;||||false|true&#8221; custom_padding_tablet=&#8221;|30px||30px|false|true&#8221; custom_padding_phone=&#8221;||||false|false&#8221; hover_enabled=&#8221;0&#8243; global_colors_info=&#8221;{}&#8221; custom_css_main_element_last_edited=&#8221;on|tablet&#8221; custom_css_main_element_tablet=&#8221;display:flex; ||gap:1rem&#8221; custom_css_main_element_phone=&#8221;display:flex;||flex-direction:column;&#8221; sticky_enabled=&#8221;0&#8243;][et_pb_column type=&#8221;1_3&#8243; _builder_version=&#8221;4.19.2&#8243; _module_preset=&#8221;default&#8221; pac_dcm_carousel_specific_module_num=&#8221;0&#8243; global_colors_info=&#8221;{}&#8221;][et_pb_blurb title=&#8221;El teu t\u00edtol va aqu\u00ed&#8221; image=&#8221;http:\/\/iseda-project.eu\/wp-content\/uploads\/2023\/01\/Rectangle-75.png&#8221; _builder_version=&#8221;4.19.2&#8243; _module_preset=&#8221;default&#8221; global_colors_info=&#8221;{}&#8221;]<\/p>\n<p>El teu contingut va aqu\u00ed. Editeu o elimineu aquest text en l\u00ednia o al m\u00f2dul Configuraci\u00f3 de contingut. Tamb\u00e9 podeu estilitzar tots els aspectes d&#8217;aquest contingut al m\u00f2dul Configuraci\u00f3 de disseny i fins i tot aplicar CSS personalitzat a aquest text al m\u00f2dul Configuraci\u00f3 avan\u00e7ada.<\/p>\n<p>[\/et_pb_blurb][et_pb_social_media_follow _builder_version=&#8221;4.19.2&#8243; _module_preset=&#8221;default&#8221; hover_enabled=&#8221;0&#8243; global_colors_info=&#8221;{}&#8221; sticky_enabled=&#8221;0&#8243;][et_pb_social_media_follow_network social_network=&#8221;facebook&#8221; _builder_version=&#8221;4.19.2&#8243; _module_preset=&#8221;default&#8221; background_color=&#8221;#282828&#8243; background_enable_color=&#8221;on&#8221; global_colors_info=&#8221;{}&#8221; follow_button=&#8221;off&#8221; url_new_window=&#8221;on&#8221; use_icon_font_size=&#8221;on&#8221; icon_font_size=&#8221;14px&#8221;]facebook[\/et_pb_social_media_follow_network][et_pb_social_media_follow_network social_network=&#8221;twitter&#8221; _builder_version=&#8221;4.19.2&#8243; _module_preset=&#8221;default&#8221; background_color=&#8221;#282828&#8243; background_enable_color=&#8221;on&#8221; global_colors_info=&#8221;{}&#8221; follow_button=&#8221;off&#8221; url_new_window=&#8221;on&#8221; use_icon_font_size=&#8221;on&#8221; icon_font_size=&#8221;14px&#8221;]twitter[\/et_pb_social_media_follow_network][et_pb_social_media_follow_network social_network=&#8221;linkedin&#8221; _builder_version=&#8221;4.19.2&#8243; _module_preset=&#8221;default&#8221; background_color=&#8221;#282828&#8243; background_enable_color=&#8221;on&#8221; global_colors_info=&#8221;{}&#8221; follow_button=&#8221;off&#8221; url_new_window=&#8221;on&#8221; use_icon_font_size=&#8221;on&#8221; icon_font_size=&#8221;14px&#8221;]linkedin[\/et_pb_social_media_follow_network][\/et_pb_social_media_follow][\/et_pb_column][et_pb_column type=&#8221;1_3&#8243; _builder_version=&#8221;4.19.2&#8243; _module_preset=&#8221;default&#8221; pac_dcm_carousel_specific_module_num=&#8221;0&#8243; global_colors_info=&#8221;{}&#8221;][et_pb_blurb title=&#8221;El teu t\u00edtol va aqu\u00ed&#8221; image=&#8221;http:\/\/iseda-project.eu\/wp-content\/uploads\/2023\/01\/Rectangle-76.png&#8221; _builder_version=&#8221;4.19.2&#8243; _module_preset=&#8221;default&#8221; global_colors_info=&#8221;{}&#8221;]<\/p>\n<p>El teu contingut va aqu\u00ed. Editeu o elimineu aquest text en l\u00ednia o al m\u00f2dul Configuraci\u00f3 de contingut. Tamb\u00e9 podeu estilitzar tots els aspectes d&#8217;aquest contingut al m\u00f2dul Configuraci\u00f3 de disseny i fins i tot aplicar CSS personalitzat a aquest text al m\u00f2dul Configuraci\u00f3 avan\u00e7ada.<\/p>\n<p>[\/et_pb_blurb][et_pb_social_media_follow _builder_version=&#8221;4.19.2&#8243; _module_preset=&#8221;default&#8221; hover_enabled=&#8221;0&#8243; global_colors_info=&#8221;{}&#8221; sticky_enabled=&#8221;0&#8243;][et_pb_social_media_follow_network social_network=&#8221;facebook&#8221; _builder_version=&#8221;4.19.2&#8243; _module_preset=&#8221;default&#8221; background_color=&#8221;#282828&#8243; background_enable_color=&#8221;on&#8221; global_colors_info=&#8221;{}&#8221; follow_button=&#8221;off&#8221; url_new_window=&#8221;on&#8221; use_icon_font_size=&#8221;on&#8221; icon_font_size=&#8221;14px&#8221;]facebook[\/et_pb_social_media_follow_network][et_pb_social_media_follow_network social_network=&#8221;twitter&#8221; _builder_version=&#8221;4.19.2&#8243; _module_preset=&#8221;default&#8221; background_color=&#8221;#282828&#8243; background_enable_color=&#8221;on&#8221; global_colors_info=&#8221;{}&#8221; follow_button=&#8221;off&#8221; url_new_window=&#8221;on&#8221; use_icon_font_size=&#8221;on&#8221; icon_font_size=&#8221;14px&#8221;]twitter[\/et_pb_social_media_follow_network][et_pb_social_media_follow_network social_network=&#8221;linkedin&#8221; _builder_version=&#8221;4.19.2&#8243; _module_preset=&#8221;default&#8221; background_color=&#8221;#282828&#8243; background_enable_color=&#8221;on&#8221; global_colors_info=&#8221;{}&#8221; follow_button=&#8221;off&#8221; url_new_window=&#8221;on&#8221; use_icon_font_size=&#8221;on&#8221; icon_font_size=&#8221;14px&#8221;]linkedin[\/et_pb_social_media_follow_network][\/et_pb_social_media_follow][\/et_pb_column][et_pb_column type=&#8221;1_3&#8243; _builder_version=&#8221;4.19.2&#8243; _module_preset=&#8221;default&#8221; pac_dcm_carousel_specific_module_num=&#8221;0&#8243; global_colors_info=&#8221;{}&#8221;][et_pb_blurb title=&#8221;El teu t\u00edtol va aqu\u00ed&#8221; image=&#8221;http:\/\/iseda-project.eu\/wp-content\/uploads\/2023\/01\/Rectangle-81.png&#8221; _builder_version=&#8221;4.19.2&#8243; _module_preset=&#8221;default&#8221; global_colors_info=&#8221;{}&#8221;]<\/p>\n<p>El teu contingut va aqu\u00ed. Editeu o elimineu aquest text en l\u00ednia o al m\u00f2dul Configuraci\u00f3 de contingut. Tamb\u00e9 podeu estilitzar tots els aspectes d&#8217;aquest contingut al m\u00f2dul Configuraci\u00f3 de disseny i fins i tot aplicar CSS personalitzat a aquest text al m\u00f2dul Configuraci\u00f3 avan\u00e7ada.<\/p>\n<p>[\/et_pb_blurb][et_pb_social_media_follow _builder_version=&#8221;4.19.2&#8243; _module_preset=&#8221;default&#8221; hover_enabled=&#8221;0&#8243; global_colors_info=&#8221;{}&#8221; sticky_enabled=&#8221;0&#8243;][et_pb_social_media_follow_network social_network=&#8221;facebook&#8221; _builder_version=&#8221;4.19.2&#8243; _module_preset=&#8221;default&#8221; background_color=&#8221;#282828&#8243; background_enable_color=&#8221;on&#8221; global_colors_info=&#8221;{}&#8221; follow_button=&#8221;off&#8221; url_new_window=&#8221;on&#8221; use_icon_font_size=&#8221;on&#8221; icon_font_size=&#8221;14px&#8221;]facebook[\/et_pb_social_media_follow_network][et_pb_social_media_follow_network social_network=&#8221;twitter&#8221; _builder_version=&#8221;4.19.2&#8243; _module_preset=&#8221;default&#8221; background_color=&#8221;#282828&#8243; background_enable_color=&#8221;on&#8221; global_colors_info=&#8221;{}&#8221; follow_button=&#8221;off&#8221; url_new_window=&#8221;on&#8221; use_icon_font_size=&#8221;on&#8221; icon_font_size=&#8221;14px&#8221;]twitter[\/et_pb_social_media_follow_network][et_pb_social_media_follow_network social_network=&#8221;linkedin&#8221; _builder_version=&#8221;4.19.2&#8243; _module_preset=&#8221;default&#8221; background_color=&#8221;#282828&#8243; background_enable_color=&#8221;on&#8221; global_colors_info=&#8221;{}&#8221; follow_button=&#8221;off&#8221; url_new_window=&#8221;on&#8221; use_icon_font_size=&#8221;on&#8221; icon_font_size=&#8221;14px&#8221;]linkedin[\/et_pb_social_media_follow_network][\/et_pb_social_media_follow][\/et_pb_column][\/et_pb_row][et_pb_row custom_padding_last_edited=&#8221;on|phone&#8221; _builder_version=&#8221;4.19.2&#8243; _module_preset=&#8221;default&#8221; max_width=&#8221;80%&#8221; custom_margin=&#8221;2rem||||false|false&#8221; custom_padding_tablet=&#8221;&#8221; custom_padding_phone=&#8221;0px||||false|false&#8221; global_colors_info=&#8221;{}&#8221;][et_pb_column type=&#8221;4_4&#8243; _builder_version=&#8221;4.19.2&#8243; _module_preset=&#8221;default&#8221; pac_dcm_carousel_specific_module_num=&#8221;0&#8243; global_colors_info=&#8221;{}&#8221;][et_pb_text _builder_version=&#8221;4.19.2&#8243; _module_preset=&#8221;default&#8221; global_colors_info=&#8221;{}&#8221;]<\/p>\n<h2>El teu contingut va aqu\u00ed. Edita o elimina aix\u00f2<\/h2>\n<h2><quillbot-extension-portal><\/quillbot-extension-portal><\/h2>\n<p>[\/et_pb_text][et_pb_text _builder_version=&#8221;4.19.2&#8243; _module_preset=&#8221;default&#8221; custom_margin=&#8221;-15px|||||&#8221; global_colors_info=&#8221;{}&#8221;]<\/p>\n<p>El teu contingut va aqu\u00ed. Editeu o elimineu aquest text en l\u00ednia o al m\u00f2dul Configuraci\u00f3 de contingut. Tamb\u00e9 podeu estilitzar tots els aspectes d&#8217;aquest contingut al m\u00f2dul Configuraci\u00f3 de disseny i fins i tot aplicar CSS personalitzat a aquest text al m\u00f2dul Configuraci\u00f3 avan\u00e7ada.<\/p>\n<p>[\/et_pb_text][\/et_pb_column][\/et_pb_row][et_pb_row column_structure=&#8221;1_3,1_3,1_3&#8243; use_custom_gutter=&#8221;on&#8221; gutter_width=&#8221;2&#8243; make_equal=&#8221;on&#8221; custom_padding_last_edited=&#8221;on|desktop&#8221; _builder_version=&#8221;4.19.2&#8243; _module_preset=&#8221;default&#8221; background_color=&#8221;#FFFFFF&#8221; max_width=&#8221;80%&#8221; custom_margin=&#8221;||||false|false&#8221; custom_margin_tablet=&#8221;||||false|false&#8221; custom_margin_phone=&#8221;||||false|false&#8221; custom_margin_last_edited=&#8221;on|tablet&#8221; custom_padding=&#8221;||||false|true&#8221; custom_padding_tablet=&#8221;|30px||30px|false|true&#8221; custom_padding_phone=&#8221;||||false|false&#8221; hover_enabled=&#8221;0&#8243; global_colors_info=&#8221;{}&#8221; custom_css_main_element_last_edited=&#8221;on|tablet&#8221; custom_css_main_element_tablet=&#8221;display:flex;||gap: 1rem;&#8221; custom_css_main_element_phone=&#8221;display:flex;||flex-direction:column;&#8221; sticky_enabled=&#8221;0&#8243;][et_pb_column type=&#8221;1_3&#8243; _builder_version=&#8221;4.19.2&#8243; _module_preset=&#8221;default&#8221; pac_dcm_carousel_specific_module_num=&#8221;0&#8243; global_colors_info=&#8221;{}&#8221;][et_pb_blurb title=&#8221;El teu t\u00edtol va aqu\u00ed&#8221; image=&#8221;http:\/\/iseda-project.eu\/wp-content\/uploads\/2023\/01\/Rectangle-77.png&#8221; _builder_version=&#8221;4.19.2&#8243; _module_preset=&#8221;default&#8221; global_colors_info=&#8221;{}&#8221;]<\/p>\n<p>El teu contingut va aqu\u00ed. Editeu o elimineu aquest text en l\u00ednia o al m\u00f2dul Configuraci\u00f3 de contingut. Tamb\u00e9 podeu estilitzar tots els aspectes d&#8217;aquest contingut al m\u00f2dul Configuraci\u00f3 de disseny i fins i tot aplicar CSS personalitzat a aquest text al m\u00f2dul Configuraci\u00f3 avan\u00e7ada.<\/p>\n<p>[\/et_pb_blurb][et_pb_social_media_follow _builder_version=&#8221;4.19.2&#8243; _module_preset=&#8221;default&#8221; hover_enabled=&#8221;0&#8243; global_colors_info=&#8221;{}&#8221; sticky_enabled=&#8221;0&#8243;][et_pb_social_media_follow_network social_network=&#8221;facebook&#8221; _builder_version=&#8221;4.19.2&#8243; _module_preset=&#8221;default&#8221; background_color=&#8221;#282828&#8243; background_enable_color=&#8221;on&#8221; hover_enabled=&#8221;0&#8243; global_colors_info=&#8221;{}&#8221; follow_button=&#8221;off&#8221; url_new_window=&#8221;on&#8221; use_icon_font_size=&#8221;on&#8221; icon_font_size=&#8221;14px&#8221; sticky_enabled=&#8221;0&#8243;]facebook[\/et_pb_social_media_follow_network][et_pb_social_media_follow_network social_network=&#8221;twitter&#8221; _builder_version=&#8221;4.19.2&#8243; _module_preset=&#8221;default&#8221; background_color=&#8221;#282828&#8243; background_enable_color=&#8221;on&#8221; global_colors_info=&#8221;{}&#8221; follow_button=&#8221;off&#8221; url_new_window=&#8221;on&#8221; use_icon_font_size=&#8221;on&#8221; icon_font_size=&#8221;14px&#8221;]twitter[\/et_pb_social_media_follow_network][et_pb_social_media_follow_network social_network=&#8221;linkedin&#8221; _builder_version=&#8221;4.19.2&#8243; _module_preset=&#8221;default&#8221; background_color=&#8221;#282828&#8243; background_enable_color=&#8221;on&#8221; global_colors_info=&#8221;{}&#8221; follow_button=&#8221;off&#8221; url_new_window=&#8221;on&#8221; use_icon_font_size=&#8221;on&#8221; icon_font_size=&#8221;14px&#8221;]linkedin[\/et_pb_social_media_follow_network][\/et_pb_social_media_follow][\/et_pb_column][et_pb_column type=&#8221;1_3&#8243; _builder_version=&#8221;4.19.2&#8243; _module_preset=&#8221;default&#8221; pac_dcm_carousel_specific_module_num=&#8221;0&#8243; global_colors_info=&#8221;{}&#8221;][et_pb_blurb title=&#8221;El teu t\u00edtol va aqu\u00ed&#8221; image=&#8221;http:\/\/iseda-project.eu\/wp-content\/uploads\/2023\/01\/Rectangle-79.png&#8221; _builder_version=&#8221;4.19.2&#8243; _module_preset=&#8221;default&#8221; global_colors_info=&#8221;{}&#8221;]<\/p>\n<p>El teu contingut va aqu\u00ed. Editeu o elimineu aquest text en l\u00ednia o al m\u00f2dul Configuraci\u00f3 de contingut. Tamb\u00e9 podeu estilitzar tots els aspectes d&#8217;aquest contingut al m\u00f2dul Configuraci\u00f3 de disseny i fins i tot aplicar CSS personalitzat a aquest text al m\u00f2dul Configuraci\u00f3 avan\u00e7ada.<\/p>\n<p>[\/et_pb_blurb][et_pb_social_media_follow _builder_version=&#8221;4.19.2&#8243; _module_preset=&#8221;default&#8221; hover_enabled=&#8221;0&#8243; global_colors_info=&#8221;{}&#8221; sticky_enabled=&#8221;0&#8243;][et_pb_social_media_follow_network social_network=&#8221;facebook&#8221; _builder_version=&#8221;4.19.2&#8243; _module_preset=&#8221;default&#8221; background_color=&#8221;#282828&#8243; background_enable_color=&#8221;on&#8221; global_colors_info=&#8221;{}&#8221; follow_button=&#8221;off&#8221; url_new_window=&#8221;on&#8221; use_icon_font_size=&#8221;on&#8221; icon_font_size=&#8221;14px&#8221;]facebook[\/et_pb_social_media_follow_network][et_pb_social_media_follow_network social_network=&#8221;twitter&#8221; _builder_version=&#8221;4.19.2&#8243; _module_preset=&#8221;default&#8221; background_color=&#8221;#282828&#8243; background_enable_color=&#8221;on&#8221; global_colors_info=&#8221;{}&#8221; follow_button=&#8221;off&#8221; url_new_window=&#8221;on&#8221; use_icon_font_size=&#8221;on&#8221; icon_font_size=&#8221;14px&#8221;]twitter[\/et_pb_social_media_follow_network][et_pb_social_media_follow_network social_network=&#8221;linkedin&#8221; _builder_version=&#8221;4.19.2&#8243; _module_preset=&#8221;default&#8221; background_color=&#8221;#282828&#8243; background_enable_color=&#8221;on&#8221; global_colors_info=&#8221;{}&#8221; follow_button=&#8221;off&#8221; url_new_window=&#8221;on&#8221; use_icon_font_size=&#8221;on&#8221; icon_font_size=&#8221;14px&#8221;]linkedin[\/et_pb_social_media_follow_network][\/et_pb_social_media_follow][\/et_pb_column][et_pb_column type=&#8221;1_3&#8243; _builder_version=&#8221;4.19.2&#8243; _module_preset=&#8221;default&#8221; pac_dcm_carousel_specific_module_num=&#8221;0&#8243; global_colors_info=&#8221;{}&#8221;][et_pb_blurb title=&#8221;El teu t\u00edtol va aqu\u00ed&#8221; image=&#8221;http:\/\/iseda-project.eu\/wp-content\/uploads\/2023\/01\/Rectangle-80.png&#8221; _builder_version=&#8221;4.19.2&#8243; _module_preset=&#8221;default&#8221; global_colors_info=&#8221;{}&#8221;]<\/p>\n<p>El teu contingut va aqu\u00ed. Editeu o elimineu aquest text en l\u00ednia o al m\u00f2dul Configuraci\u00f3 de contingut. Tamb\u00e9 podeu estilitzar tots els aspectes d&#8217;aquest contingut al m\u00f2dul Configuraci\u00f3 de disseny i fins i tot aplicar CSS personalitzat a aquest text al m\u00f2dul Configuraci\u00f3 avan\u00e7ada.<\/p>\n<p>[\/et_pb_blurb][et_pb_social_media_follow _builder_version=&#8221;4.19.2&#8243; _module_preset=&#8221;default&#8221; hover_enabled=&#8221;0&#8243; global_colors_info=&#8221;{}&#8221; sticky_enabled=&#8221;0&#8243;][et_pb_social_media_follow_network social_network=&#8221;facebook&#8221; _builder_version=&#8221;4.19.2&#8243; _module_preset=&#8221;default&#8221; background_color=&#8221;#282828&#8243; background_enable_color=&#8221;on&#8221; global_colors_info=&#8221;{}&#8221; follow_button=&#8221;off&#8221; url_new_window=&#8221;on&#8221; use_icon_font_size=&#8221;on&#8221; icon_font_size=&#8221;14px&#8221;]facebook[\/et_pb_social_media_follow_network][et_pb_social_media_follow_network social_network=&#8221;twitter&#8221; _builder_version=&#8221;4.19.2&#8243; _module_preset=&#8221;default&#8221; background_color=&#8221;#282828&#8243; background_enable_color=&#8221;on&#8221; global_colors_info=&#8221;{}&#8221; follow_button=&#8221;off&#8221; url_new_window=&#8221;on&#8221; use_icon_font_size=&#8221;on&#8221; icon_font_size=&#8221;14px&#8221;]twitter[\/et_pb_social_media_follow_network][et_pb_social_media_follow_network social_network=&#8221;linkedin&#8221; _builder_version=&#8221;4.19.2&#8243; _module_preset=&#8221;default&#8221; background_color=&#8221;#282828&#8243; background_enable_color=&#8221;on&#8221; global_colors_info=&#8221;{}&#8221; follow_button=&#8221;off&#8221; url_new_window=&#8221;on&#8221; use_icon_font_size=&#8221;on&#8221; icon_font_size=&#8221;14px&#8221;]linkedin[\/et_pb_social_media_follow_network][\/et_pb_social_media_follow][\/et_pb_column][\/et_pb_row][\/et_pb_section]<\/p>\n","protected":false},"excerpt":{"rendered":"<p>El teu contingut va aqu\u00ed. Edita o elimina aix\u00f2 El teu contingut va aqu\u00ed. Editeu o elimineu aquest text en l\u00ednia o al m\u00f2dul Configuraci\u00f3 de contingut. Tamb\u00e9 podeu estilitzar tots els aspectes d&#8217;aquest contingut al m\u00f2dul Configuraci\u00f3 de disseny i fins i tot aplicar CSS personalitzat a aquest text al m\u00f2dul Configuraci\u00f3 avan\u00e7ada.El teu contingut va aqu\u00ed. Editeu o elimineu aquest text en l\u00ednia o al m\u00f2dul Configuraci\u00f3 de contingut. Tamb\u00e9 podeu estilitzar tots els aspectes d&#8217;aquest contingut al m\u00f2dul Configuraci\u00f3 de disseny i fins i tot aplicar CSS personalitzat a aquest text al m\u00f2dul Configuraci\u00f3 avan\u00e7ada.El teu contingut va aqu\u00ed. Editeu o elimineu aquest text en l\u00ednia o al m\u00f2dul Configuraci\u00f3 de contingut. Tamb\u00e9 podeu estilitzar tots els aspectes d&#8217;aquest contingut al m\u00f2dul Configuraci\u00f3 de disseny i fins i tot aplicar CSS personalitzat a aquest text al m\u00f2dul Configuraci\u00f3 avan\u00e7ada.El teu contingut va aqu\u00ed. Editeu o elimineu aquest text en l\u00ednia o al m\u00f2dul Configuraci\u00f3 de contingut. Tamb\u00e9 podeu estilitzar tots els aspectes d&#8217;aquest contingut al m\u00f2dul Configuraci\u00f3 de disseny i fins i tot aplicar CSS personalitzat a aquest text al m\u00f2dul Configuraci\u00f3 avan\u00e7ada.El teu contingut va aqu\u00ed. Edita o elimina aix\u00f2 El teu contingut va aqu\u00ed. Editeu [&hellip;]<\/p>\n","protected":false},"author":1,"featured_media":0,"parent":0,"menu_order":0,"comment_status":"closed","ping_status":"closed","template":"","meta":{"_acf_changed":false,"_et_pb_use_builder":"on","_et_pb_old_content":"","_et_gb_content_width":"","footnotes":""},"class_list":["post-1622","page","type-page","status-publish","hentry"],"acf":[],"_links":{"self":[{"href":"http:\/\/iseda-project.eu\/ca\/wp-json\/wp\/v2\/pages\/1622","targetHints":{"allow":["GET"]}}],"collection":[{"href":"http:\/\/iseda-project.eu\/ca\/wp-json\/wp\/v2\/pages"}],"about":[{"href":"http:\/\/iseda-project.eu\/ca\/wp-json\/wp\/v2\/types\/page"}],"author":[{"embeddable":true,"href":"http:\/\/iseda-project.eu\/ca\/wp-json\/wp\/v2\/users\/1"}],"replies":[{"embeddable":true,"href":"http:\/\/iseda-project.eu\/ca\/wp-json\/wp\/v2\/comments?post=1622"}],"version-history":[{"count":0,"href":"http:\/\/iseda-project.eu\/ca\/wp-json\/wp\/v2\/pages\/1622\/revisions"}],"wp:attachment":[{"href":"http:\/\/iseda-project.eu\/ca\/wp-json\/wp\/v2\/media?parent=1622"}],"curies":[{"name":"wp","href":"https:\/\/api.w.org\/{rel}","templated":true}]}}